{"id":500,"date":"2023-12-08T11:56:05","date_gmt":"2023-12-08T14:56:05","guid":{"rendered":"https:\/\/unraftec.australstudio.com.ar\/?page_id=500"},"modified":"2026-04-22T09:07:22","modified_gmt":"2026-04-22T12:07:22","slug":"laboratorio-de-transformacion-digital","status":"publish","type":"page","link":"https:\/\/unraftec.unraf.edu.ar\/?page_id=500","title":{"rendered":"Laboratorio de Transformaci\u00f3n Digital"},"content":{"rendered":"\t\t<div data-elementor-type=\"wp-page\" data-elementor-id=\"500\" class=\"elementor elementor-500\" data-elementor-post-type=\"page\">\n\t\t\t\t<div class=\"elementor-element elementor-element-73fe96c e-con-full e-flex e-con e-parent\" data-id=\"73fe96c\" data-element_type=\"container\" data-settings=\"{&quot;background_background&quot;:&quot;classic&quot;}\">\n\t\t\t\t<div class=\"elementor-element elementor-element-9e3959d elementor-widget elementor-widget-heading\" data-id=\"9e3959d\" data-element_type=\"widget\" data-widget_type=\"heading.default\">\n\t\t\t\t<div class=\"elementor-widget-container\">\n\t\t\t<style>\/*! elementor - v3.21.0 - 25-04-2024 *\/\n.elementor-heading-title{padding:0;margin:0;line-height:1}.elementor-widget-heading .elementor-heading-title[class*=elementor-size-]>a{color:inherit;font-size:inherit;line-height:inherit}.elementor-widget-heading .elementor-heading-title.elementor-size-small{font-size:15px}.elementor-widget-heading .elementor-heading-title.elementor-size-medium{font-size:19px}.elementor-widget-heading .elementor-heading-title.elementor-size-large{font-size:29px}.elementor-widget-heading .elementor-heading-title.elementor-size-xl{font-size:39px}.elementor-widget-heading .elementor-heading-title.elementor-size-xxl{font-size:59px}<\/style><h2 class=\"elementor-heading-title elementor-size-default\"><b>Laboratorio de Transformaci\u00f3n Digital<\/b><\/h2>\t\t<\/div>\n\t\t\t\t<\/div>\n\t\t\t\t<div class=\"elementor-element elementor-element-a82d005 elementor-widget-divider--view-line elementor-widget elementor-widget-divider\" data-id=\"a82d005\" data-element_type=\"widget\" data-widget_type=\"divider.default\">\n\t\t\t\t<div class=\"elementor-widget-container\">\n\t\t\t<style>\/*! elementor - v3.21.0 - 25-04-2024 *\/\n.elementor-widget-divider{--divider-border-style:none;--divider-border-width:1px;--divider-color:#0c0d0e;--divider-icon-size:20px;--divider-element-spacing:10px;--divider-pattern-height:24px;--divider-pattern-size:20px;--divider-pattern-url:none;--divider-pattern-repeat:repeat-x}.elementor-widget-divider .elementor-divider{display:flex}.elementor-widget-divider .elementor-divider__text{font-size:15px;line-height:1;max-width:95%}.elementor-widget-divider .elementor-divider__element{margin:0 var(--divider-element-spacing);flex-shrink:0}.elementor-widget-divider .elementor-icon{font-size:var(--divider-icon-size)}.elementor-widget-divider .elementor-divider-separator{display:flex;margin:0;direction:ltr}.elementor-widget-divider--view-line_icon .elementor-divider-separator,.elementor-widget-divider--view-line_text .elementor-divider-separator{align-items:center}.elementor-widget-divider--view-line_icon .elementor-divider-separator:after,.elementor-widget-divider--view-line_icon .elementor-divider-separator:before,.elementor-widget-divider--view-line_text .elementor-divider-separator:after,.elementor-widget-divider--view-line_text .elementor-divider-separator:before{display:block;content:\"\";border-block-end:0;flex-grow:1;border-block-start:var(--divider-border-width) var(--divider-border-style) var(--divider-color)}.elementor-widget-divider--element-align-left .elementor-divider .elementor-divider-separator>.elementor-divider__svg:first-of-type{flex-grow:0;flex-shrink:100}.elementor-widget-divider--element-align-left .elementor-divider-separator:before{content:none}.elementor-widget-divider--element-align-left .elementor-divider__element{margin-left:0}.elementor-widget-divider--element-align-right .elementor-divider .elementor-divider-separator>.elementor-divider__svg:last-of-type{flex-grow:0;flex-shrink:100}.elementor-widget-divider--element-align-right .elementor-divider-separator:after{content:none}.elementor-widget-divider--element-align-right .elementor-divider__element{margin-right:0}.elementor-widget-divider--element-align-start .elementor-divider .elementor-divider-separator>.elementor-divider__svg:first-of-type{flex-grow:0;flex-shrink:100}.elementor-widget-divider--element-align-start .elementor-divider-separator:before{content:none}.elementor-widget-divider--element-align-start .elementor-divider__element{margin-inline-start:0}.elementor-widget-divider--element-align-end .elementor-divider .elementor-divider-separator>.elementor-divider__svg:last-of-type{flex-grow:0;flex-shrink:100}.elementor-widget-divider--element-align-end .elementor-divider-separator:after{content:none}.elementor-widget-divider--element-align-end .elementor-divider__element{margin-inline-end:0}.elementor-widget-divider:not(.elementor-widget-divider--view-line_text):not(.elementor-widget-divider--view-line_icon) .elementor-divider-separator{border-block-start:var(--divider-border-width) var(--divider-border-style) var(--divider-color)}.elementor-widget-divider--separator-type-pattern{--divider-border-style:none}.elementor-widget-divider--separator-type-pattern.elementor-widget-divider--view-line .elementor-divider-separator,.elementor-widget-divider--separator-type-pattern:not(.elementor-widget-divider--view-line) .elementor-divider-separator:after,.elementor-widget-divider--separator-type-pattern:not(.elementor-widget-divider--view-line) .elementor-divider-separator:before,.elementor-widget-divider--separator-type-pattern:not([class*=elementor-widget-divider--view]) .elementor-divider-separator{width:100%;min-height:var(--divider-pattern-height);-webkit-mask-size:var(--divider-pattern-size) 100%;mask-size:var(--divider-pattern-size) 100%;-webkit-mask-repeat:var(--divider-pattern-repeat);mask-repeat:var(--divider-pattern-repeat);background-color:var(--divider-color);-webkit-mask-image:var(--divider-pattern-url);mask-image:var(--divider-pattern-url)}.elementor-widget-divider--no-spacing{--divider-pattern-size:auto}.elementor-widget-divider--bg-round{--divider-pattern-repeat:round}.rtl .elementor-widget-divider .elementor-divider__text{direction:rtl}.e-con-inner>.elementor-widget-divider,.e-con>.elementor-widget-divider{width:var(--container-widget-width,100%);--flex-grow:var(--container-widget-flex-grow)}<\/style>\t\t<div class=\"elementor-divider\">\n\t\t\t<span class=\"elementor-divider-separator\">\n\t\t\t\t\t\t<\/span>\n\t\t<\/div>\n\t\t\t\t<\/div>\n\t\t\t\t<\/div>\n\t\t\t\t<div class=\"elementor-element elementor-element-1de54be elementor-widget elementor-widget-heading\" data-id=\"1de54be\" data-element_type=\"widget\" data-widget_type=\"heading.default\">\n\t\t\t\t<div class=\"elementor-widget-container\">\n\t\t\t<h2 class=\"elementor-heading-title elementor-size-default\"><br>LabTD<\/h2>\t\t<\/div>\n\t\t\t\t<\/div>\n\t\t\t\t<\/div>\n\t\t<div class=\"elementor-element elementor-element-0cd85d5 e-flex e-con-boxed e-con e-parent\" data-id=\"0cd85d5\" data-element_type=\"container\">\n\t\t\t\t\t<div class=\"e-con-inner\">\n\t\t\t\t<div class=\"elementor-element elementor-element-12a878d elementor-widget elementor-widget-heading\" data-id=\"12a878d\" data-element_type=\"widget\" data-widget_type=\"heading.default\">\n\t\t\t\t<div class=\"elementor-widget-container\">\n\t\t\t<h1 class=\"elementor-heading-title elementor-size-default\">Laboratorio de Transformaci\u00f3n Digital<\/h1>\t\t<\/div>\n\t\t\t\t<\/div>\n\t\t\t\t<div class=\"elementor-element elementor-element-48a4b55 elementor-widget-divider--view-line elementor-widget elementor-widget-divider\" data-id=\"48a4b55\" data-element_type=\"widget\" data-widget_type=\"divider.default\">\n\t\t\t\t<div class=\"elementor-widget-container\">\n\t\t\t\t\t<div class=\"elementor-divider\">\n\t\t\t<span class=\"elementor-divider-separator\">\n\t\t\t\t\t\t<\/span>\n\t\t<\/div>\n\t\t\t\t<\/div>\n\t\t\t\t<\/div>\n\t\t\t\t\t<\/div>\n\t\t\t\t<\/div>\n\t\t<div class=\"elementor-element elementor-element-14f7248 e-flex e-con-boxed e-con e-parent\" data-id=\"14f7248\" data-element_type=\"container\">\n\t\t\t\t\t<div class=\"e-con-inner\">\n\t\t\t\t<div class=\"elementor-element elementor-element-01dc865 elementor-widget elementor-widget-heading\" data-id=\"01dc865\" data-element_type=\"widget\" data-widget_type=\"heading.default\">\n\t\t\t\t<div class=\"elementor-widget-container\">\n\t\t\t<h2 class=\"elementor-heading-title elementor-size-default\">\u00bfQui\u00e9nes somos?<\/h2>\t\t<\/div>\n\t\t\t\t<\/div>\n\t\t<div class=\"elementor-element elementor-element-7255a13 e-flex e-con-boxed e-con e-child\" data-id=\"7255a13\" data-element_type=\"container\">\n\t\t\t\t\t<div class=\"e-con-inner\">\n\t\t<div class=\"elementor-element elementor-element-fc93730 e-flex e-con-boxed e-con e-child\" data-id=\"fc93730\" data-element_type=\"container\">\n\t\t\t\t\t<div class=\"e-con-inner\">\n\t\t\t\t<div class=\"elementor-element elementor-element-4a51cb4 elementor-widget elementor-widget-text-editor\" data-id=\"4a51cb4\" data-element_type=\"widget\" data-widget_type=\"text-editor.default\">\n\t\t\t\t<div class=\"elementor-widget-container\">\n\t\t\t<style>\/*! elementor - v3.21.0 - 25-04-2024 *\/\n.elementor-widget-text-editor.elementor-drop-cap-view-stacked .elementor-drop-cap{background-color:#69727d;color:#fff}.elementor-widget-text-editor.elementor-drop-cap-view-framed .elementor-drop-cap{color:#69727d;border:3px solid;background-color:transparent}.elementor-widget-text-editor:not(.elementor-drop-cap-view-default) .elementor-drop-cap{margin-top:8px}.elementor-widget-text-editor:not(.elementor-drop-cap-view-default) .elementor-drop-cap-letter{width:1em;height:1em}.elementor-widget-text-editor .elementor-drop-cap{float:left;text-align:center;line-height:1;font-size:50px}.elementor-widget-text-editor .elementor-drop-cap-letter{display:inline-block}<\/style>\t\t\t\t<p>El Laboratorio de Transformaci\u00f3n Digital se propone transferir al territorio conocimientos y experiencias en temas de Transformaci\u00f3n Digital, Industria 4.0, Iot, Ciudades Digitales. As\u00ed como generar y adquirir nuevos conocimientos y desarrollar una investigaci\u00f3n de calidad en los temas del laboratorio.<\/p>\t\t\t\t\t\t<\/div>\n\t\t\t\t<\/div>\n\t\t\t\t\t<\/div>\n\t\t\t\t<\/div>\n\t\t<div class=\"elementor-element elementor-element-0f507a5 e-flex e-con-boxed e-con e-child\" data-id=\"0f507a5\" data-element_type=\"container\">\n\t\t\t\t\t<div class=\"e-con-inner\">\n\t\t\t\t<div class=\"elementor-element elementor-element-d8b54de elementor-widget elementor-widget-image\" data-id=\"d8b54de\" data-element_type=\"widget\" data-widget_type=\"image.default\">\n\t\t\t\t<div class=\"elementor-widget-container\">\n\t\t\t<style>\/*! elementor - v3.21.0 - 25-04-2024 *\/\n.elementor-widget-image{text-align:center}.elementor-widget-image a{display:inline-block}.elementor-widget-image a img[src$=\".svg\"]{width:48px}.elementor-widget-image img{vertical-align:middle;display:inline-block}<\/style>\t\t\t\t\t\t\t\t\t\t<img fetchpriority=\"high\" decoding=\"async\" width=\"800\" height=\"533\" src=\"https:\/\/unraftec.unraf.edu.ar\/wp-content\/uploads\/2024\/02\/Lab.-TD.webp\" class=\"attachment-large size-large wp-image-1071\" alt=\"\" srcset=\"https:\/\/unraftec.unraf.edu.ar\/wp-content\/uploads\/2024\/02\/Lab.-TD.webp 800w, https:\/\/unraftec.unraf.edu.ar\/wp-content\/uploads\/2024\/02\/Lab.-TD-300x200.webp 300w, https:\/\/unraftec.unraf.edu.ar\/wp-content\/uploads\/2024\/02\/Lab.-TD-768x512.webp 768w\" sizes=\"(max-width: 800px) 100vw, 800px\" \/>\t\t\t\t\t\t\t\t\t\t\t\t\t<\/div>\n\t\t\t\t<\/div>\n\t\t\t\t\t<\/div>\n\t\t\t\t<\/div>\n\t\t\t\t\t<\/div>\n\t\t\t\t<\/div>\n\t\t\t\t<div class=\"elementor-element elementor-element-12b44eb elementor-widget elementor-widget-heading\" data-id=\"12b44eb\" data-element_type=\"widget\" data-widget_type=\"heading.default\">\n\t\t\t\t<div class=\"elementor-widget-container\">\n\t\t\t<h2 class=\"elementor-heading-title elementor-size-default\"><u>Oferta Tecnol\u00f3gica<\/u><\/h2>\t\t<\/div>\n\t\t\t\t<\/div>\n\t\t\t\t<div class=\"elementor-element elementor-element-d04476a elementor-icon-list--layout-traditional elementor-list-item-link-full_width elementor-widget elementor-widget-icon-list\" data-id=\"d04476a\" data-element_type=\"widget\" data-widget_type=\"icon-list.default\">\n\t\t\t\t<div class=\"elementor-widget-container\">\n\t\t\t<link rel=\"stylesheet\" href=\"https:\/\/unraftec.unraf.edu.ar\/wp-content\/plugins\/elementor\/assets\/css\/widget-icon-list.min.css\">\t\t<ul class=\"elementor-icon-list-items\">\n\t\t\t\t\t\t\t<li class=\"elementor-icon-list-item\">\n\t\t\t\t\t\t\t\t\t\t<span class=\"elementor-icon-list-text\"><b>Transformaci\u00f3n Digital en Organismos P\u00fablicos, Ciudades Digitales.<\/b><\/span>\n\t\t\t\t\t\t\t\t\t<\/li>\n\t\t\t\t\t\t\t\t<li class=\"elementor-icon-list-item\">\n\t\t\t\t\t\t\t\t\t\t<span class=\"elementor-icon-list-text\"><b>Transformaci\u00f3n Digital en Industrias \/ Pymes<\/b>.<\/span>\n\t\t\t\t\t\t\t\t\t<\/li>\n\t\t\t\t\t\t\t\t<li class=\"elementor-icon-list-item\">\n\t\t\t\t\t\t\t\t\t\t<span class=\"elementor-icon-list-text\">Desarrollo de <b>Proyectos en I4.0.<\/b><\/span>\n\t\t\t\t\t\t\t\t\t<\/li>\n\t\t\t\t\t\t\t\t<li class=\"elementor-icon-list-item\">\n\t\t\t\t\t\t\t\t\t\t<span class=\"elementor-icon-list-text\">Desarrollo de <b>Proyectos en IoT\/IIoT.<\/b><\/span>\n\t\t\t\t\t\t\t\t\t<\/li>\n\t\t\t\t\t\t\t\t<li class=\"elementor-icon-list-item\">\n\t\t\t\t\t\t\t\t\t\t<span class=\"elementor-icon-list-text\"><b>Consultor\u00eda y Asesoramiento en Plataformas Digitales.<\/b><\/span>\n\t\t\t\t\t\t\t\t\t<\/li>\n\t\t\t\t\t\t\t\t<li class=\"elementor-icon-list-item\">\n\t\t\t\t\t\t\t\t\t\t<span class=\"elementor-icon-list-text\">Desarrollo de <b>Sistemas Ciber-F\u00edsicos.<\/b><\/span>\n\t\t\t\t\t\t\t\t\t<\/li>\n\t\t\t\t\t\t\t\t<li class=\"elementor-icon-list-item\">\n\t\t\t\t\t\t\t\t\t\t<span class=\"elementor-icon-list-text\"><b>Dise\u00f1o, desarrollo y prototipado de dispositivos inteligentes<\/b> (sistemas embebidos) orientados a la adquisici\u00f3n, acondicionamiento, transformaci\u00f3n y puesta a disposici\u00f3n de variables f\u00edsicas en forma de informaci\u00f3n.<\/span>\n\t\t\t\t\t\t\t\t\t<\/li>\n\t\t\t\t\t\t\t\t<li class=\"elementor-icon-list-item\">\n\t\t\t\t\t\t\t\t\t\t<span class=\"elementor-icon-list-text\"><b>Consultor\u00eda\/Desarrollo de proyectos con inteligencia Artificial, aplicada al an\u00e1lisis de datos<\/b>, Machine Learning, Computer Vision y Edge Computing (Redes Neuronales Artificiales, TinyML, Word2vec, Genetic Learning, Deep Learning)<\/span>\n\t\t\t\t\t\t\t\t\t<\/li>\n\t\t\t\t\t\t\t\t<li class=\"elementor-icon-list-item\">\n\t\t\t\t\t\t\t\t\t\t<span class=\"elementor-icon-list-text\"><b>Dise\u00f1o y prototipado de circuitos impresos.<\/b><\/span>\n\t\t\t\t\t\t\t\t\t<\/li>\n\t\t\t\t\t\t<\/ul>\n\t\t\t\t<\/div>\n\t\t\t\t<\/div>\n\t\t\t\t<div class=\"elementor-element elementor-element-1e9d460 elementor-widget elementor-widget-heading\" data-id=\"1e9d460\" data-element_type=\"widget\" data-widget_type=\"heading.default\">\n\t\t\t\t<div class=\"elementor-widget-container\">\n\t\t\t<h2 class=\"elementor-heading-title elementor-size-default\"><u>Experiencias<\/u><\/h2>\t\t<\/div>\n\t\t\t\t<\/div>\n\t\t\t\t\t<\/div>\n\t\t\t\t<\/div>\n\t\t<div class=\"elementor-element elementor-element-6fe12c4 e-flex e-con-boxed e-con e-parent\" data-id=\"6fe12c4\" data-element_type=\"container\">\n\t\t\t\t\t<div class=\"e-con-inner\">\n\t\t\t\t<div class=\"elementor-element elementor-element-53e3487 elementor-widget elementor-widget-heading\" data-id=\"53e3487\" data-element_type=\"widget\" id=\"prototipado-dispositivos\" data-widget_type=\"heading.default\">\n\t\t\t\t<div class=\"elementor-widget-container\">\n\t\t\t<h2 class=\"elementor-heading-title elementor-size-default\">dise\u00f1o desarrollo y prototipado de dispositivos inteligentes<\/h2>\t\t<\/div>\n\t\t\t\t<\/div>\n\t\t\t\t<div class=\"elementor-element elementor-element-f8bf9f8 elementor-posts--align-left elementor-grid-3 elementor-grid-tablet-2 elementor-grid-mobile-1 elementor-posts--thumbnail-top elementor-card-shadow-yes elementor-posts__hover-gradient elementor-widget elementor-widget-posts\" data-id=\"f8bf9f8\" data-element_type=\"widget\" data-settings=\"{&quot;cards_row_gap&quot;:{&quot;unit&quot;:&quot;px&quot;,&quot;size&quot;:33,&quot;sizes&quot;:[]},&quot;pagination_type&quot;:&quot;numbers&quot;,&quot;cards_columns&quot;:&quot;3&quot;,&quot;cards_columns_tablet&quot;:&quot;2&quot;,&quot;cards_columns_mobile&quot;:&quot;1&quot;,&quot;cards_row_gap_tablet&quot;:{&quot;unit&quot;:&quot;px&quot;,&quot;size&quot;:&quot;&quot;,&quot;sizes&quot;:[]},&quot;cards_row_gap_mobile&quot;:{&quot;unit&quot;:&quot;px&quot;,&quot;size&quot;:&quot;&quot;,&quot;sizes&quot;:[]}}\" data-widget_type=\"posts.cards\">\n\t\t\t\t<div class=\"elementor-widget-container\">\n\t\t\t<link rel=\"stylesheet\" href=\"https:\/\/unraftec.unraf.edu.ar\/wp-content\/plugins\/pro-elements\/assets\/css\/widget-posts.min.css\">\t\t<div class=\"elementor-posts-container elementor-posts elementor-posts--skin-cards elementor-grid\">\n\t\t\t\t<article class=\"elementor-post elementor-grid-item post-2356 post type-post status-publish format-standard has-post-thumbnail hentry category-destacada category-diseno-desarrollo-y-prototipado-de-dispositivos-inteligentes category-transformacion-digital\">\n\t\t\t<div class=\"elementor-post__card\">\n\t\t\t\t<a class=\"elementor-post__thumbnail__link\" href=\"https:\/\/unraftec.unraf.edu.ar\/?p=2356\" tabindex=\"-1\" ><div class=\"elementor-post__thumbnail\"><img decoding=\"async\" width=\"1080\" height=\"1080\" src=\"https:\/\/unraftec.unraf.edu.ar\/wp-content\/uploads\/2025\/04\/LabTD.png\" class=\"attachment-full size-full wp-image-2357\" alt=\"\" srcset=\"https:\/\/unraftec.unraf.edu.ar\/wp-content\/uploads\/2025\/04\/LabTD.png 1080w, https:\/\/unraftec.unraf.edu.ar\/wp-content\/uploads\/2025\/04\/LabTD-300x300.png 300w, https:\/\/unraftec.unraf.edu.ar\/wp-content\/uploads\/2025\/04\/LabTD-1024x1024.png 1024w, https:\/\/unraftec.unraf.edu.ar\/wp-content\/uploads\/2025\/04\/LabTD-150x150.png 150w, https:\/\/unraftec.unraf.edu.ar\/wp-content\/uploads\/2025\/04\/LabTD-768x768.png 768w\" sizes=\"(max-width: 1080px) 100vw, 1080px\" \/><\/div><\/a>\n\t\t\t\t<div class=\"elementor-post__text\">\n\t\t\t\t<h3 class=\"elementor-post__title\">\n\t\t\t<a href=\"https:\/\/unraftec.unraf.edu.ar\/?p=2356\" >\n\t\t\t\tInnovaci\u00f3n en salud: desarrollo de un prototipo m\u00e9dico\t\t\t<\/a>\n\t\t<\/h3>\n\t\t\t\t\t<div class=\"elementor-post__read-more-wrapper\">\n\t\t\n\t\t<a class=\"elementor-post__read-more\" href=\"https:\/\/unraftec.unraf.edu.ar\/?p=2356\" aria-label=\"Read more about Innovaci\u00f3n en salud: desarrollo de un prototipo m\u00e9dico\" tabindex=\"-1\" >\n\t\t\tVer m\u00e1s\t\t<\/a>\n\n\t\t\t\t\t<\/div>\n\t\t\t\t<\/div>\n\t\t\t\t\t<\/div>\n\t\t<\/article>\n\t\t\t\t<article class=\"elementor-post elementor-grid-item post-1899 post type-post status-publish format-standard has-post-thumbnail hentry category-diseno-desarrollo-y-prototipado-de-dispositivos-inteligentes category-transformacion-digital\">\n\t\t\t<div class=\"elementor-post__card\">\n\t\t\t\t<a class=\"elementor-post__thumbnail__link\" href=\"https:\/\/unraftec.unraf.edu.ar\/?p=1899\" tabindex=\"-1\" ><div class=\"elementor-post__thumbnail\"><img decoding=\"async\" width=\"1052\" height=\"942\" src=\"https:\/\/unraftec.unraf.edu.ar\/wp-content\/uploads\/2024\/06\/Diagrama-de-componentes.jpg\" class=\"attachment-full size-full wp-image-1900\" alt=\"\" srcset=\"https:\/\/unraftec.unraf.edu.ar\/wp-content\/uploads\/2024\/06\/Diagrama-de-componentes.jpg 1052w, https:\/\/unraftec.unraf.edu.ar\/wp-content\/uploads\/2024\/06\/Diagrama-de-componentes-300x269.jpg 300w, https:\/\/unraftec.unraf.edu.ar\/wp-content\/uploads\/2024\/06\/Diagrama-de-componentes-1024x917.jpg 1024w, https:\/\/unraftec.unraf.edu.ar\/wp-content\/uploads\/2024\/06\/Diagrama-de-componentes-768x688.jpg 768w\" sizes=\"(max-width: 1052px) 100vw, 1052px\" \/><\/div><\/a>\n\t\t\t\t<div class=\"elementor-post__text\">\n\t\t\t\t<h3 class=\"elementor-post__title\">\n\t\t\t<a href=\"https:\/\/unraftec.unraf.edu.ar\/?p=1899\" >\n\t\t\t\tDise\u00f1o de arquitectura conceptual y desarrollo de plataformas\t\t\t<\/a>\n\t\t<\/h3>\n\t\t\t\t\t<div class=\"elementor-post__read-more-wrapper\">\n\t\t\n\t\t<a class=\"elementor-post__read-more\" href=\"https:\/\/unraftec.unraf.edu.ar\/?p=1899\" aria-label=\"Read more about Dise\u00f1o de arquitectura conceptual y desarrollo de plataformas\" tabindex=\"-1\" >\n\t\t\tVer m\u00e1s\t\t<\/a>\n\n\t\t\t\t\t<\/div>\n\t\t\t\t<\/div>\n\t\t\t\t\t<\/div>\n\t\t<\/article>\n\t\t\t\t<article class=\"elementor-post elementor-grid-item post-1896 post type-post status-publish format-standard has-post-thumbnail hentry category-diseno-desarrollo-y-prototipado-de-dispositivos-inteligentes category-transformacion-digital\">\n\t\t\t<div class=\"elementor-post__card\">\n\t\t\t\t<a class=\"elementor-post__thumbnail__link\" href=\"https:\/\/unraftec.unraf.edu.ar\/?p=1896\" tabindex=\"-1\" ><div class=\"elementor-post__thumbnail\"><img loading=\"lazy\" decoding=\"async\" width=\"1656\" height=\"1330\" src=\"https:\/\/unraftec.unraf.edu.ar\/wp-content\/uploads\/2024\/06\/Diseno-3D.png\" class=\"attachment-full size-full wp-image-1897\" alt=\"\" srcset=\"https:\/\/unraftec.unraf.edu.ar\/wp-content\/uploads\/2024\/06\/Diseno-3D.png 1656w, https:\/\/unraftec.unraf.edu.ar\/wp-content\/uploads\/2024\/06\/Diseno-3D-300x241.png 300w, https:\/\/unraftec.unraf.edu.ar\/wp-content\/uploads\/2024\/06\/Diseno-3D-1024x822.png 1024w, https:\/\/unraftec.unraf.edu.ar\/wp-content\/uploads\/2024\/06\/Diseno-3D-768x617.png 768w, https:\/\/unraftec.unraf.edu.ar\/wp-content\/uploads\/2024\/06\/Diseno-3D-1536x1234.png 1536w\" sizes=\"(max-width: 1656px) 100vw, 1656px\" \/><\/div><\/a>\n\t\t\t\t<div class=\"elementor-post__text\">\n\t\t\t\t<h3 class=\"elementor-post__title\">\n\t\t\t<a href=\"https:\/\/unraftec.unraf.edu.ar\/?p=1896\" >\n\t\t\t\tDise\u00f1o de Circuitos Impresos &#8211; prototipado\t\t\t<\/a>\n\t\t<\/h3>\n\t\t\t\t\t<div class=\"elementor-post__read-more-wrapper\">\n\t\t\n\t\t<a class=\"elementor-post__read-more\" href=\"https:\/\/unraftec.unraf.edu.ar\/?p=1896\" aria-label=\"Read more about Dise\u00f1o de Circuitos Impresos &#8211; prototipado\" tabindex=\"-1\" >\n\t\t\tVer m\u00e1s\t\t<\/a>\n\n\t\t\t\t\t<\/div>\n\t\t\t\t<\/div>\n\t\t\t\t\t<\/div>\n\t\t<\/article>\n\t\t\t\t<\/div>\n\t\t\n\t\t\t\t<div class=\"e-load-more-anchor\" data-page=\"1\" data-max-page=\"2\" data-next-page=\"https:\/\/unraftec.unraf.edu.ar\/index.php?rest_route=%2Fwp%2Fv2%2Fpages%2F500&#038;paged=2\"><\/div>\n\t\t\t\t<nav class=\"elementor-pagination\" aria-label=\"Pagination\">\n\t\t\t<span aria-current=\"page\" class=\"page-numbers current\"><span class=\"elementor-screen-only\">Page<\/span>1<\/span>\n<a class=\"page-numbers\" href=\"https:\/\/unraftec.unraf.edu.ar\/index.php\/?paged=2&#038;rest_route=%2Fwp%2Fv2%2Fpages%2F500\"><span class=\"elementor-screen-only\">Page<\/span>2<\/a>\t\t<\/nav>\n\t\t\t\t<\/div>\n\t\t\t\t<\/div>\n\t\t\t\t\t<\/div>\n\t\t\t\t<\/div>\n\t\t<div class=\"elementor-element elementor-element-5702801 e-flex e-con-boxed e-con e-parent\" data-id=\"5702801\" data-element_type=\"container\">\n\t\t\t\t\t<div class=\"e-con-inner\">\n\t\t\t\t<div class=\"elementor-element elementor-element-c415088 elementor-align-center elementor-widget elementor-widget-button\" data-id=\"c415088\" data-element_type=\"widget\" data-widget_type=\"button.default\">\n\t\t\t\t<div class=\"elementor-widget-container\">\n\t\t\t\t\t<div class=\"elementor-button-wrapper\">\n\t\t\t<a class=\"elementor-button elementor-button-link elementor-size-lg\" href=\"\/#servicios\">\n\t\t\t\t\t\t<span class=\"elementor-button-content-wrapper\">\n\t\t\t\t\t\t\t\t\t<span class=\"elementor-button-text\">Servicios UnRafTec<\/span>\n\t\t\t\t\t<\/span>\n\t\t\t\t\t<\/a>\n\t\t<\/div>\n\t\t\t\t<\/div>\n\t\t\t\t<\/div>\n\t\t\t\t\t<\/div>\n\t\t\t\t<\/div>\n\t\t\t\t<\/div>\n\t\t","protected":false},"excerpt":{"rendered":"<p>Laboratorio de Transformaci\u00f3n Digital LabTD Laboratorio de Transformaci\u00f3n Digital \u00bfQui\u00e9nes somos? El Laboratorio de Transformaci\u00f3n Digital se propone transferir al territorio conocimientos y experiencias en temas de Transformaci\u00f3n Digital, Industria 4.0, Iot, Ciudades Digitales. As\u00ed como generar y adquirir nuevos conocimientos y desarrollar una investigaci\u00f3n de calidad en los temas<\/p>\n","protected":false},"author":1,"featured_media":0,"parent":0,"menu_order":0,"comment_status":"closed","ping_status":"closed","template":"","meta":{"footnotes":""},"_links":{"self":[{"href":"https:\/\/unraftec.unraf.edu.ar\/index.php?rest_route=\/wp\/v2\/pages\/500"}],"collection":[{"href":"https:\/\/unraftec.unraf.edu.ar\/index.php?rest_route=\/wp\/v2\/pages"}],"about":[{"href":"https:\/\/unraftec.unraf.edu.ar\/index.php?rest_route=\/wp\/v2\/types\/page"}],"author":[{"embeddable":true,"href":"https:\/\/unraftec.unraf.edu.ar\/index.php?rest_route=\/wp\/v2\/users\/1"}],"replies":[{"embeddable":true,"href":"https:\/\/unraftec.unraf.edu.ar\/index.php?rest_route=%2Fwp%2Fv2%2Fcomments&post=500"}],"version-history":[{"count":54,"href":"https:\/\/unraftec.unraf.edu.ar\/index.php?rest_route=\/wp\/v2\/pages\/500\/revisions"}],"predecessor-version":[{"id":3254,"href":"https:\/\/unraftec.unraf.edu.ar\/index.php?rest_route=\/wp\/v2\/pages\/500\/revisions\/3254"}],"wp:attachment":[{"href":"https:\/\/unraftec.unraf.edu.ar\/index.php?rest_route=%2Fwp%2Fv2%2Fmedia&parent=500"}],"curies":[{"name":"wp","href":"https:\/\/api.w.org\/{rel}","templated":true}]}}