{"id":2992,"date":"2026-03-31T12:53:08","date_gmt":"2026-03-31T15:53:08","guid":{"rendered":"https:\/\/unraftec.unraf.edu.ar\/?page_id=2992"},"modified":"2026-04-01T08:49:36","modified_gmt":"2026-04-01T11:49:36","slug":"laboratorio-de-genomica-y-bioinformatica","status":"publish","type":"page","link":"https:\/\/unraftec.unraf.edu.ar\/?page_id=2992","title":{"rendered":"Laboratorio de Gen\u00f3mica y Bioinform\u00e1tica"},"content":{"rendered":"\t\t<div data-elementor-type=\"wp-page\" data-elementor-id=\"2992\" class=\"elementor elementor-2992\" data-elementor-post-type=\"page\">\n\t\t\t\t<div class=\"elementor-element elementor-element-71264c0c e-con-full e-flex e-con e-parent\" data-id=\"71264c0c\" data-element_type=\"container\" data-settings=\"{&quot;background_background&quot;:&quot;classic&quot;}\">\n\t\t\t\t<div class=\"elementor-element elementor-element-530ac330 elementor-widget__width-initial elementor-widget elementor-widget-image\" data-id=\"530ac330\" data-element_type=\"widget\" data-widget_type=\"image.default\">\n\t\t\t\t<div class=\"elementor-widget-container\">\n\t\t\t<style>\/*! elementor - v3.21.0 - 25-04-2024 *\/\n.elementor-widget-image{text-align:center}.elementor-widget-image a{display:inline-block}.elementor-widget-image a img[src$=\".svg\"]{width:48px}.elementor-widget-image img{vertical-align:middle;display:inline-block}<\/style>\t\t\t\t\t\t\t\t\t\t<img fetchpriority=\"high\" decoding=\"async\" width=\"2048\" height=\"1365\" src=\"https:\/\/unraftec.unraf.edu.ar\/wp-content\/uploads\/2026\/03\/IMG_0213-2048x1365.jpg\" class=\"attachment-2048x2048 size-2048x2048 wp-image-2865\" alt=\"\" srcset=\"https:\/\/unraftec.unraf.edu.ar\/wp-content\/uploads\/2026\/03\/IMG_0213-2048x1365.jpg 2048w, https:\/\/unraftec.unraf.edu.ar\/wp-content\/uploads\/2026\/03\/IMG_0213-300x200.jpg 300w, https:\/\/unraftec.unraf.edu.ar\/wp-content\/uploads\/2026\/03\/IMG_0213-1024x683.jpg 1024w, https:\/\/unraftec.unraf.edu.ar\/wp-content\/uploads\/2026\/03\/IMG_0213-768x512.jpg 768w, https:\/\/unraftec.unraf.edu.ar\/wp-content\/uploads\/2026\/03\/IMG_0213-1536x1024.jpg 1536w\" sizes=\"(max-width: 2048px) 100vw, 2048px\" \/>\t\t\t\t\t\t\t\t\t\t\t\t\t<\/div>\n\t\t\t\t<\/div>\n\t\t\t\t<div class=\"elementor-element elementor-element-7dcb855a elementor-widget elementor-widget-heading\" data-id=\"7dcb855a\" data-element_type=\"widget\" data-widget_type=\"heading.default\">\n\t\t\t\t<div class=\"elementor-widget-container\">\n\t\t\t<style>\/*! elementor - v3.21.0 - 25-04-2024 *\/\n.elementor-heading-title{padding:0;margin:0;line-height:1}.elementor-widget-heading .elementor-heading-title[class*=elementor-size-]>a{color:inherit;font-size:inherit;line-height:inherit}.elementor-widget-heading .elementor-heading-title.elementor-size-small{font-size:15px}.elementor-widget-heading .elementor-heading-title.elementor-size-medium{font-size:19px}.elementor-widget-heading .elementor-heading-title.elementor-size-large{font-size:29px}.elementor-widget-heading .elementor-heading-title.elementor-size-xl{font-size:39px}.elementor-widget-heading .elementor-heading-title.elementor-size-xxl{font-size:59px}<\/style><h2 class=\"elementor-heading-title elementor-size-default\">Laboratorio de Gen\u00f3mica y Bioinform\u00e1tica<\/h2>\t\t<\/div>\n\t\t\t\t<\/div>\n\t\t\t\t<div class=\"elementor-element elementor-element-3abb7d74 elementor-widget elementor-widget-heading\" data-id=\"3abb7d74\" data-element_type=\"widget\" data-widget_type=\"heading.default\">\n\t\t\t\t<div class=\"elementor-widget-container\">\n\t\t\t<h2 class=\"elementor-heading-title elementor-size-default\">GenBio<\/h2>\t\t<\/div>\n\t\t\t\t<\/div>\n\t\t\t\t<\/div>\n\t\t<div class=\"elementor-element elementor-element-12dda0cc e-flex e-con-boxed e-con e-parent\" data-id=\"12dda0cc\" data-element_type=\"container\">\n\t\t\t\t\t<div class=\"e-con-inner\">\n\t\t\t\t<div class=\"elementor-element elementor-element-7f056b17 elementor-widget elementor-widget-heading\" data-id=\"7f056b17\" data-element_type=\"widget\" data-widget_type=\"heading.default\">\n\t\t\t\t<div class=\"elementor-widget-container\">\n\t\t\t<h1 class=\"elementor-heading-title elementor-size-default\">Laboratorio de Gen\u00f3mica y Bioinform\u00e1tica<\/h1>\t\t<\/div>\n\t\t\t\t<\/div>\n\t\t\t\t\t<\/div>\n\t\t\t\t<\/div>\n\t\t<div class=\"elementor-element elementor-element-26c7a855 e-flex e-con-boxed e-con e-parent\" data-id=\"26c7a855\" data-element_type=\"container\">\n\t\t\t\t\t<div class=\"e-con-inner\">\n\t\t\t\t<div class=\"elementor-element elementor-element-3c9e30dc elementor-widget elementor-widget-heading\" data-id=\"3c9e30dc\" data-element_type=\"widget\" data-widget_type=\"heading.default\">\n\t\t\t\t<div class=\"elementor-widget-container\">\n\t\t\t<h2 class=\"elementor-heading-title elementor-size-default\">Qui\u00e9nes somos<\/h2>\t\t<\/div>\n\t\t\t\t<\/div>\n\t\t\t\t<div class=\"elementor-element elementor-element-3dcdf24f elementor-widget-divider--view-line elementor-widget elementor-widget-divider\" data-id=\"3dcdf24f\" data-element_type=\"widget\" data-widget_type=\"divider.default\">\n\t\t\t\t<div class=\"elementor-widget-container\">\n\t\t\t<style>\/*! elementor - v3.21.0 - 25-04-2024 *\/\n.elementor-widget-divider{--divider-border-style:none;--divider-border-width:1px;--divider-color:#0c0d0e;--divider-icon-size:20px;--divider-element-spacing:10px;--divider-pattern-height:24px;--divider-pattern-size:20px;--divider-pattern-url:none;--divider-pattern-repeat:repeat-x}.elementor-widget-divider .elementor-divider{display:flex}.elementor-widget-divider .elementor-divider__text{font-size:15px;line-height:1;max-width:95%}.elementor-widget-divider .elementor-divider__element{margin:0 var(--divider-element-spacing);flex-shrink:0}.elementor-widget-divider .elementor-icon{font-size:var(--divider-icon-size)}.elementor-widget-divider .elementor-divider-separator{display:flex;margin:0;direction:ltr}.elementor-widget-divider--view-line_icon .elementor-divider-separator,.elementor-widget-divider--view-line_text .elementor-divider-separator{align-items:center}.elementor-widget-divider--view-line_icon .elementor-divider-separator:after,.elementor-widget-divider--view-line_icon .elementor-divider-separator:before,.elementor-widget-divider--view-line_text .elementor-divider-separator:after,.elementor-widget-divider--view-line_text .elementor-divider-separator:before{display:block;content:\"\";border-block-end:0;flex-grow:1;border-block-start:var(--divider-border-width) var(--divider-border-style) var(--divider-color)}.elementor-widget-divider--element-align-left .elementor-divider .elementor-divider-separator>.elementor-divider__svg:first-of-type{flex-grow:0;flex-shrink:100}.elementor-widget-divider--element-align-left .elementor-divider-separator:before{content:none}.elementor-widget-divider--element-align-left .elementor-divider__element{margin-left:0}.elementor-widget-divider--element-align-right .elementor-divider .elementor-divider-separator>.elementor-divider__svg:last-of-type{flex-grow:0;flex-shrink:100}.elementor-widget-divider--element-align-right .elementor-divider-separator:after{content:none}.elementor-widget-divider--element-align-right .elementor-divider__element{margin-right:0}.elementor-widget-divider--element-align-start .elementor-divider .elementor-divider-separator>.elementor-divider__svg:first-of-type{flex-grow:0;flex-shrink:100}.elementor-widget-divider--element-align-start .elementor-divider-separator:before{content:none}.elementor-widget-divider--element-align-start .elementor-divider__element{margin-inline-start:0}.elementor-widget-divider--element-align-end .elementor-divider .elementor-divider-separator>.elementor-divider__svg:last-of-type{flex-grow:0;flex-shrink:100}.elementor-widget-divider--element-align-end .elementor-divider-separator:after{content:none}.elementor-widget-divider--element-align-end .elementor-divider__element{margin-inline-end:0}.elementor-widget-divider:not(.elementor-widget-divider--view-line_text):not(.elementor-widget-divider--view-line_icon) .elementor-divider-separator{border-block-start:var(--divider-border-width) var(--divider-border-style) var(--divider-color)}.elementor-widget-divider--separator-type-pattern{--divider-border-style:none}.elementor-widget-divider--separator-type-pattern.elementor-widget-divider--view-line .elementor-divider-separator,.elementor-widget-divider--separator-type-pattern:not(.elementor-widget-divider--view-line) .elementor-divider-separator:after,.elementor-widget-divider--separator-type-pattern:not(.elementor-widget-divider--view-line) .elementor-divider-separator:before,.elementor-widget-divider--separator-type-pattern:not([class*=elementor-widget-divider--view]) .elementor-divider-separator{width:100%;min-height:var(--divider-pattern-height);-webkit-mask-size:var(--divider-pattern-size) 100%;mask-size:var(--divider-pattern-size) 100%;-webkit-mask-repeat:var(--divider-pattern-repeat);mask-repeat:var(--divider-pattern-repeat);background-color:var(--divider-color);-webkit-mask-image:var(--divider-pattern-url);mask-image:var(--divider-pattern-url)}.elementor-widget-divider--no-spacing{--divider-pattern-size:auto}.elementor-widget-divider--bg-round{--divider-pattern-repeat:round}.rtl .elementor-widget-divider .elementor-divider__text{direction:rtl}.e-con-inner>.elementor-widget-divider,.e-con>.elementor-widget-divider{width:var(--container-widget-width,100%);--flex-grow:var(--container-widget-flex-grow)}<\/style>\t\t<div class=\"elementor-divider\">\n\t\t\t<span class=\"elementor-divider-separator\">\n\t\t\t\t\t\t<\/span>\n\t\t<\/div>\n\t\t\t\t<\/div>\n\t\t\t\t<\/div>\n\t\t<div class=\"elementor-element elementor-element-508650f9 e-flex e-con-boxed e-con e-child\" data-id=\"508650f9\" data-element_type=\"container\">\n\t\t\t\t\t<div class=\"e-con-inner\">\n\t\t<div class=\"elementor-element elementor-element-6eadb4c3 e-flex e-con-boxed e-con e-child\" data-id=\"6eadb4c3\" data-element_type=\"container\">\n\t\t\t\t\t<div class=\"e-con-inner\">\n\t\t\t\t<div class=\"elementor-element elementor-element-6ccfe674 elementor-widget elementor-widget-text-editor\" data-id=\"6ccfe674\" data-element_type=\"widget\" data-widget_type=\"text-editor.default\">\n\t\t\t\t<div class=\"elementor-widget-container\">\n\t\t\t<style>\/*! elementor - v3.21.0 - 25-04-2024 *\/\n.elementor-widget-text-editor.elementor-drop-cap-view-stacked .elementor-drop-cap{background-color:#69727d;color:#fff}.elementor-widget-text-editor.elementor-drop-cap-view-framed .elementor-drop-cap{color:#69727d;border:3px solid;background-color:transparent}.elementor-widget-text-editor:not(.elementor-drop-cap-view-default) .elementor-drop-cap{margin-top:8px}.elementor-widget-text-editor:not(.elementor-drop-cap-view-default) .elementor-drop-cap-letter{width:1em;height:1em}.elementor-widget-text-editor .elementor-drop-cap{float:left;text-align:center;line-height:1;font-size:50px}.elementor-widget-text-editor .elementor-drop-cap-letter{display:inline-block}<\/style>\t\t\t\t<div>El Laboratorio de Gen\u00f3mica y Bioinform\u00e1tica nace para brindar a la comunidad desde el asesoramiento, planificaci\u00f3n, desarrollo y an\u00e1lisis de proyectos que involucren an\u00e1lisis gen\u00f3micos. Est\u00e1 formado por<br \/>docentes investigadores con trayectoria en an\u00e1lisis de genomas, metagenomas, transcriptomas, microbiomas, etc., con una fuerte<br \/>capacitaci\u00f3n en bioinform\u00e1tica.<\/div><div>\u00a0<\/div><p><i>Para la puesta en marcha del laboratorio se cuenta con financiamiento de ASACTEI: SF DTT 2023 \u2013 ASACTEI Santa Fe &#8211; \u201cPlataforma de secuenciaci\u00f3n de \u00faltima generaci\u00f3n en tiempo real y lecturas largas\u201d. Director: Ariel Amadio<\/i><\/p>\t\t\t\t\t\t<\/div>\n\t\t\t\t<\/div>\n\t\t\t\t\t<\/div>\n\t\t\t\t<\/div>\n\t\t<div class=\"elementor-element elementor-element-54797e85 e-flex e-con-boxed e-con e-child\" data-id=\"54797e85\" data-element_type=\"container\">\n\t\t\t\t\t<div class=\"e-con-inner\">\n\t\t\t\t<div class=\"elementor-element elementor-element-6cf74874 elementor-widget elementor-widget-image\" data-id=\"6cf74874\" data-element_type=\"widget\" data-widget_type=\"image.default\">\n\t\t\t\t<div class=\"elementor-widget-container\">\n\t\t\t\t\t\t\t\t\t\t\t\t\t<img decoding=\"async\" width=\"800\" height=\"534\" src=\"https:\/\/unraftec.unraf.edu.ar\/wp-content\/uploads\/2026\/03\/IMG_0195-1024x683.jpg\" class=\"attachment-large size-large wp-image-2866\" alt=\"\" srcset=\"https:\/\/unraftec.unraf.edu.ar\/wp-content\/uploads\/2026\/03\/IMG_0195-1024x683.jpg 1024w, https:\/\/unraftec.unraf.edu.ar\/wp-content\/uploads\/2026\/03\/IMG_0195-300x200.jpg 300w, https:\/\/unraftec.unraf.edu.ar\/wp-content\/uploads\/2026\/03\/IMG_0195-768x512.jpg 768w, https:\/\/unraftec.unraf.edu.ar\/wp-content\/uploads\/2026\/03\/IMG_0195-1536x1024.jpg 1536w, https:\/\/unraftec.unraf.edu.ar\/wp-content\/uploads\/2026\/03\/IMG_0195-2048x1365.jpg 2048w\" sizes=\"(max-width: 800px) 100vw, 800px\" \/>\t\t\t\t\t\t\t\t\t\t\t\t\t<\/div>\n\t\t\t\t<\/div>\n\t\t\t\t\t<\/div>\n\t\t\t\t<\/div>\n\t\t\t\t\t<\/div>\n\t\t\t\t<\/div>\n\t\t\t\t<div class=\"elementor-element elementor-element-26ec386a elementor-widget elementor-widget-heading\" data-id=\"26ec386a\" data-element_type=\"widget\" data-widget_type=\"heading.default\">\n\t\t\t\t<div class=\"elementor-widget-container\">\n\t\t\t<h2 class=\"elementor-heading-title elementor-size-default\">Oferta Tecnol\u00f3gica<\/h2>\t\t<\/div>\n\t\t\t\t<\/div>\n\t\t\t\t<div class=\"elementor-element elementor-element-455b2356 elementor-widget-divider--view-line elementor-widget elementor-widget-divider\" data-id=\"455b2356\" data-element_type=\"widget\" data-widget_type=\"divider.default\">\n\t\t\t\t<div class=\"elementor-widget-container\">\n\t\t\t\t\t<div class=\"elementor-divider\">\n\t\t\t<span class=\"elementor-divider-separator\">\n\t\t\t\t\t\t<\/span>\n\t\t<\/div>\n\t\t\t\t<\/div>\n\t\t\t\t<\/div>\n\t\t\t\t<div class=\"elementor-element elementor-element-4ff568e7 elementor-icon-list--layout-traditional elementor-list-item-link-full_width elementor-widget elementor-widget-icon-list\" data-id=\"4ff568e7\" data-element_type=\"widget\" data-widget_type=\"icon-list.default\">\n\t\t\t\t<div class=\"elementor-widget-container\">\n\t\t\t<link rel=\"stylesheet\" href=\"https:\/\/unraftec.unraf.edu.ar\/wp-content\/plugins\/elementor\/assets\/css\/widget-icon-list.min.css\">\t\t<ul class=\"elementor-icon-list-items\">\n\t\t\t\t\t\t\t<li class=\"elementor-icon-list-item\">\n\t\t\t\t\t\t\t\t\t\t<span class=\"elementor-icon-list-text\">Dise\u00f1o de estrategias de secuenciaci\u00f3n masiva para an\u00e1lisis gen\u00f3micos.<\/span>\n\t\t\t\t\t\t\t\t\t<\/li>\n\t\t\t\t\t\t\t\t<li class=\"elementor-icon-list-item\">\n\t\t\t\t\t\t\t\t\t\t<span class=\"elementor-icon-list-text\"> Desarrollo de proyectos de secuenciaci\u00f3n de genomas completos, metagenomas, transcriptomas, microbiomas, etc<\/span>\n\t\t\t\t\t\t\t\t\t<\/li>\n\t\t\t\t\t\t\t\t<li class=\"elementor-icon-list-item\">\n\t\t\t\t\t\t\t\t\t\t<span class=\"elementor-icon-list-text\">Capacitaciones en herramientas bioinform\u00e1ticas.<\/span>\n\t\t\t\t\t\t\t\t\t<\/li>\n\t\t\t\t\t\t\t\t<li class=\"elementor-icon-list-item\">\n\t\t\t\t\t\t\t\t\t\t<span class=\"elementor-icon-list-text\"> Capacitaciones de trabajo en laboratorios de biolog\u00eda molecular y gen\u00f3mica.<\/span>\n\t\t\t\t\t\t\t\t\t<\/li>\n\t\t\t\t\t\t<\/ul>\n\t\t\t\t<\/div>\n\t\t\t\t<\/div>\n\t\t\t\t<div class=\"elementor-element elementor-element-693ab72f elementor-widget-divider--view-line elementor-widget elementor-widget-divider\" data-id=\"693ab72f\" data-element_type=\"widget\" data-widget_type=\"divider.default\">\n\t\t\t\t<div class=\"elementor-widget-container\">\n\t\t\t\t\t<div class=\"elementor-divider\">\n\t\t\t<span class=\"elementor-divider-separator\">\n\t\t\t\t\t\t<\/span>\n\t\t<\/div>\n\t\t\t\t<\/div>\n\t\t\t\t<\/div>\n\t\t\t\t<div class=\"elementor-element elementor-element-2701b21e elementor-widget elementor-widget-heading\" data-id=\"2701b21e\" data-element_type=\"widget\" data-widget_type=\"heading.default\">\n\t\t\t\t<div class=\"elementor-widget-container\">\n\t\t\t<h2 class=\"elementor-heading-title elementor-size-default\">Experiencias<\/h2>\t\t<\/div>\n\t\t\t\t<\/div>\n\t\t\t\t<div class=\"elementor-element elementor-element-4340b28a elementor-widget elementor-widget-text-editor\" data-id=\"4340b28a\" data-element_type=\"widget\" data-widget_type=\"text-editor.default\">\n\t\t\t\t<div class=\"elementor-widget-container\">\n\t\t\t\t\t\t\t<div>An\u00e1lisis bioinform\u00e1tico de metagenomas para la identificaci\u00f3n de enzimas<\/div><div>\u00a0<\/div><div>\u00a0Asesor\u00eda para la redacci\u00f3n y evaluaci\u00f3n de propuestas\/proyectos para la implementaci\u00f3n de de t\u00e9cnicas de biolog\u00eda molecular para genotipificaci\u00f3n en laboratorios<\/div><div>\u00a0<\/div><div>\u00a0An\u00e1lisis bioinform\u00e1tico de ADN para diagn\u00f3stico r\u00e1pido de neumon\u00eda asociada a respirador<br \/><br \/><\/div><div><strong><i>Materiales disponibles:<\/i><\/strong><\/div><p>Se trabaja en colaboraci\u00f3n con el grupo de Gen\u00f3mica y Bioinform\u00e1tica del Instituto de investigaciones en la cadena l\u00e1ctea, IDICAL (CONICET-INTA). El mismo cuenta con secuenciadores de tecnolog\u00eda Oxford Nanopore, servidores para el an\u00e1lisis de datos.<\/p>\t\t\t\t\t\t<\/div>\n\t\t\t\t<\/div>\n\t\t\t\t<div class=\"elementor-element elementor-element-39eb8326 elementor-widget-divider--view-line elementor-widget elementor-widget-divider\" data-id=\"39eb8326\" data-element_type=\"widget\" data-widget_type=\"divider.default\">\n\t\t\t\t<div class=\"elementor-widget-container\">\n\t\t\t\t\t<div class=\"elementor-divider\">\n\t\t\t<span class=\"elementor-divider-separator\">\n\t\t\t\t\t\t<\/span>\n\t\t<\/div>\n\t\t\t\t<\/div>\n\t\t\t\t<\/div>\n\t\t\t\t\t<\/div>\n\t\t\t\t<\/div>\n\t\t<div class=\"elementor-element elementor-element-502be977 e-flex e-con-boxed e-con e-parent\" data-id=\"502be977\" data-element_type=\"container\">\n\t\t\t\t\t<div class=\"e-con-inner\">\n\t\t\t\t\t<\/div>\n\t\t\t\t<\/div>\n\t\t<div class=\"elementor-element elementor-element-a8e2f1e e-flex e-con-boxed e-con e-parent\" data-id=\"a8e2f1e\" data-element_type=\"container\">\n\t\t\t\t\t<div class=\"e-con-inner\">\n\t\t\t\t<div class=\"elementor-element elementor-element-3020cb25 elementor-align-center elementor-widget elementor-widget-button\" data-id=\"3020cb25\" data-element_type=\"widget\" data-widget_type=\"button.default\">\n\t\t\t\t<div class=\"elementor-widget-container\">\n\t\t\t\t\t<div class=\"elementor-button-wrapper\">\n\t\t\t<a class=\"elementor-button elementor-button-link elementor-size-lg\" href=\"\/#servicios\">\n\t\t\t\t\t\t<span class=\"elementor-button-content-wrapper\">\n\t\t\t\t\t\t\t\t\t<span class=\"elementor-button-text\">Servicios UnRafTec<\/span>\n\t\t\t\t\t<\/span>\n\t\t\t\t\t<\/a>\n\t\t<\/div>\n\t\t\t\t<\/div>\n\t\t\t\t<\/div>\n\t\t\t\t\t<\/div>\n\t\t\t\t<\/div>\n\t\t\t\t<\/div>\n\t\t","protected":false},"excerpt":{"rendered":"<p>Laboratorio de Gen\u00f3mica y Bioinform\u00e1tica GenBio Laboratorio de Gen\u00f3mica y Bioinform\u00e1tica Qui\u00e9nes somos El Laboratorio de Gen\u00f3mica y Bioinform\u00e1tica nace para brindar a la comunidad desde el asesoramiento, planificaci\u00f3n, desarrollo y an\u00e1lisis de proyectos que involucren an\u00e1lisis gen\u00f3micos. Est\u00e1 formado pordocentes investigadores con trayectoria en an\u00e1lisis de genomas, metagenomas, transcriptomas, microbiomas, etc., con una fuertecapacitaci\u00f3n [&hellip;]<\/p>\n","protected":false},"author":1,"featured_media":0,"parent":0,"menu_order":0,"comment_status":"closed","ping_status":"closed","template":"elementor_header_footer","meta":{"footnotes":""},"_links":{"self":[{"href":"https:\/\/unraftec.unraf.edu.ar\/index.php?rest_route=\/wp\/v2\/pages\/2992"}],"collection":[{"href":"https:\/\/unraftec.unraf.edu.ar\/index.php?rest_route=\/wp\/v2\/pages"}],"about":[{"href":"https:\/\/unraftec.unraf.edu.ar\/index.php?rest_route=\/wp\/v2\/types\/page"}],"author":[{"embeddable":true,"href":"https:\/\/unraftec.unraf.edu.ar\/index.php?rest_route=\/wp\/v2\/users\/1"}],"replies":[{"embeddable":true,"href":"https:\/\/unraftec.unraf.edu.ar\/index.php?rest_route=%2Fwp%2Fv2%2Fcomments&post=2992"}],"version-history":[{"count":7,"href":"https:\/\/unraftec.unraf.edu.ar\/index.php?rest_route=\/wp\/v2\/pages\/2992\/revisions"}],"predecessor-version":[{"id":3027,"href":"https:\/\/unraftec.unraf.edu.ar\/index.php?rest_route=\/wp\/v2\/pages\/2992\/revisions\/3027"}],"wp:attachment":[{"href":"https:\/\/unraftec.unraf.edu.ar\/index.php?rest_route=%2Fwp%2Fv2%2Fmedia&parent=2992"}],"curies":[{"name":"wp","href":"https:\/\/api.w.org\/{rel}","templated":true}]}}